{"id":790,"date":"2021-07-02T23:20:06","date_gmt":"2021-07-02T23:20:06","guid":{"rendered":"http:\/\/brueniererei-lietz-gmbh.de\/wordpress\/?page_id=790"},"modified":"2026-01-03T23:49:12","modified_gmt":"2026-01-03T23:49:12","slug":"phosphatieren","status":"publish","type":"page","link":"https:\/\/brueniererei-lietz-gmbh.de\/wordpress\/phosphatieren\/","title":{"rendered":"Phosphatieren"},"content":{"rendered":"<p>[et_pb_section fb_built=&#8220;1&#8243; fullwidth=&#8220;on&#8220; admin_label=&#8220;Sektion&#8220; _builder_version=&#8220;3.22&#8243;][et_pb_fullwidth_slider admin_label=&#8220;Vollbreiter Slider&#8220; _builder_version=&#8220;4.9.7&#8243; header_text_color=&#8220;#E09900&#8243; custom_padding=&#8220;200||200|&#8220; custom_padding_tablet=&#8220;|||&#8220; custom_padding_phone=&#8220;|||&#8220; box_shadow_style=&#8220;preset6&#8243; box_shadow_blur=&#8220;10px&#8220; box_shadow_color=&#8220;rgba(0,0,0,0.1)&#8220; top_padding=&#8220;200&#8243; bottom_padding=&#8220;200&#8243; remove_inner_shadow=&#8220;off&#8220; hide_content_on_mobile=&#8220;off&#8220; hide_cta_on_mobile=&#8220;off&#8220; show_inner_shadow=&#8220;on&#8220; button_letter_spacing_hover=&#8220;0&#8243; button_text_size__hover_enabled=&#8220;off&#8220; button_one_text_size__hover_enabled=&#8220;off&#8220; button_two_text_size__hover_enabled=&#8220;off&#8220; button_text_color__hover_enabled=&#8220;off&#8220; button_one_text_color__hover_enabled=&#8220;off&#8220; button_two_text_color__hover_enabled=&#8220;off&#8220; button_border_width__hover_enabled=&#8220;off&#8220; button_one_border_width__hover_enabled=&#8220;off&#8220; button_two_border_width__hover_enabled=&#8220;off&#8220; button_border_color__hover_enabled=&#8220;off&#8220; button_one_border_color__hover_enabled=&#8220;off&#8220; button_two_border_color__hover_enabled=&#8220;off&#8220; button_border_radius__hover_enabled=&#8220;off&#8220; button_one_border_radius__hover_enabled=&#8220;off&#8220; button_two_border_radius__hover_enabled=&#8220;off&#8220; button_letter_spacing__hover_enabled=&#8220;on&#8220; button_letter_spacing__hover=&#8220;0&#8243; button_one_letter_spacing__hover_enabled=&#8220;off&#8220; button_two_letter_spacing__hover_enabled=&#8220;off&#8220; button_bg_color__hover_enabled=&#8220;off&#8220; button_one_bg_color__hover_enabled=&#8220;off&#8220; button_two_bg_color__hover_enabled=&#8220;off&#8220;][et_pb_slide heading=&#8220;Phosphatieren&#8220; _builder_version=&#8220;4.9.7&#8243; background_color=&#8220;#ffffff&#8220; background_image=&#8220;https:\/\/brueniererei-lietz-gmbh.de\/wordpress\/wp-content\/uploads\/2021\/08\/milling-444493-scaled.jpg&#8220; background_enable_image=&#8220;on&#8220; button_icon_placement=&#8220;right&#8220; button_on_hover=&#8220;on&#8220; button_text_size__hover_enabled=&#8220;off&#8220; button_one_text_size__hover_enabled=&#8220;off&#8220; button_two_text_size__hover_enabled=&#8220;off&#8220; button_text_color__hover_enabled=&#8220;off&#8220; button_one_text_color__hover_enabled=&#8220;off&#8220; button_two_text_color__hover_enabled=&#8220;off&#8220; button_border_width__hover_enabled=&#8220;off&#8220; button_one_border_width__hover_enabled=&#8220;off&#8220; button_two_border_width__hover_enabled=&#8220;off&#8220; button_border_color__hover_enabled=&#8220;off&#8220; button_one_border_color__hover_enabled=&#8220;off&#8220; button_two_border_color__hover_enabled=&#8220;off&#8220; button_border_radius__hover_enabled=&#8220;off&#8220; button_one_border_radius__hover_enabled=&#8220;off&#8220; button_two_border_radius__hover_enabled=&#8220;off&#8220; button_letter_spacing__hover_enabled=&#8220;off&#8220; button_one_letter_spacing__hover_enabled=&#8220;off&#8220; button_two_letter_spacing__hover_enabled=&#8220;off&#8220; button_bg_color__hover_enabled=&#8220;off&#8220; button_one_bg_color__hover_enabled=&#8220;off&#8220; button_two_bg_color__hover_enabled=&#8220;off&#8220; sticky_transition=&#8220;on&#8220;][\/et_pb_slide][\/et_pb_fullwidth_slider][\/et_pb_section][et_pb_section fb_built=&#8220;1&#8243; fullwidth=&#8220;on&#8220; admin_label=&#8220;Sektion&#8220; _builder_version=&#8220;3.22&#8243;][et_pb_fullwidth_header text_orientation=&#8220;center&#8220; content_max_width=&#8220;none&#8220; admin_label=&#8220;Vollbreite Kopfzeile&#8220; _builder_version=&#8220;4.9.7&#8243; background_color=&#8220;#000000&#8243; parallax=&#8220;on&#8220; parallax_method=&#8220;on&#8220; hover_enabled=&#8220;0&#8243; button_one_letter_spacing_hover=&#8220;0&#8243; button_two_letter_spacing_hover=&#8220;0&#8243; button_one_text_size__hover_enabled=&#8220;off&#8220; button_two_text_size__hover_enabled=&#8220;off&#8220; button_one_text_color__hover_enabled=&#8220;off&#8220; button_two_text_color__hover_enabled=&#8220;off&#8220; button_one_border_width__hover_enabled=&#8220;off&#8220; button_two_border_width__hover_enabled=&#8220;off&#8220; button_one_border_color__hover_enabled=&#8220;off&#8220; button_two_border_color__hover_enabled=&#8220;off&#8220; button_one_border_radius__hover_enabled=&#8220;off&#8220; button_two_border_radius__hover_enabled=&#8220;off&#8220; button_one_letter_spacing__hover_enabled=&#8220;on&#8220; button_one_letter_spacing__hover=&#8220;0&#8243; button_two_letter_spacing__hover_enabled=&#8220;on&#8220; button_two_letter_spacing__hover=&#8220;0&#8243; button_one_bg_color__hover_enabled=&#8220;off&#8220; button_two_bg_color__hover_enabled=&#8220;off&#8220; sticky_enabled=&#8220;0&#8243;]<\/p>\n<p style=\"text-align: left;\">Beim Phosphatieren werden auf den Oberfl\u00e4chen der Eisenwerkst\u00fccke d\u00fcnne, feinkristalline und schwerl\u00f6sliche Metallphosphatierschichten erzeugt. Das Phosphatieren ist ein chemischer Prozess. Durch Tauchen der Werkst\u00fccke in sauren L\u00f6sungen wird durch die chemische Reaktion mit dem Metall eine fest mit der Oberfl\u00e4che verbundene Phosphatschicht erzeugt.<\/p>\n<p>[\/et_pb_fullwidth_header][\/et_pb_section][et_pb_section fb_built=&#8220;1&#8243; _builder_version=&#8220;4.9.7&#8243; _module_preset=&#8220;default&#8220;][et_pb_row column_structure=&#8220;1_5,3_5,1_5&#8243; _builder_version=&#8220;4.9.7&#8243; _module_preset=&#8220;default&#8220;][et_pb_column type=&#8220;1_5&#8243; _builder_version=&#8220;4.9.7&#8243; _module_preset=&#8220;default&#8220;][\/et_pb_column][et_pb_column type=&#8220;3_5&#8243; _builder_version=&#8220;4.9.7&#8243; _module_preset=&#8220;default&#8220;][et_pb_text _builder_version=&#8220;4.9.7&#8243; _module_preset=&#8220;default&#8220; text_font=&#8220;||||||||&#8220; ul_font=&#8220;||||||||&#8220;]<\/p>\n<p>&nbsp;<\/p>\n<p><strong>Phosphatieren nach DIN EN ISO 9717<\/strong><\/p>\n<ul>\n<li>aktuelle Badgr\u00f6\u00dfen (L x B x T): 1300 x 400 x 600 (oder auf Anfrage)<\/li>\n<li>maximales Teilegewicht: 500 kg<\/li>\n<li>Behandlung Gestellware oder Trommelware<\/li>\n<li>Erstellung von Abnahmepr\u00fcfzeugnissen<\/li>\n<\/ul>\n<p><strong><\/strong><\/p>\n<p><strong>Verfahren<\/strong><\/p>\n<p><strong><\/strong><\/p>\n<ul>\n<li>Zinkphosphatieren\u00a0\u00a0\u00a0\u00a0\u00a0\u00a0\u00a0\u00a0\u00a0\u00a0\u00a0 &#8211; Schichtdicke 3,0 &#8211; 10,0 \u00b5m<\/li>\n<li>Manganphosphatieren \u00a0 \u00a0 &#8211; Schichtdicke 3,0 &#8211; 10,0 \u00b5m<\/li>\n<li>Eisenphosphatieren \u00a0 \u00a0 \u00a0 \u00a0\u00a0 &#8211; Schichtdicke 0,3 &#8211; 2,0 \u00b5m<em><br \/><\/em><\/li>\n<\/ul>\n<p>[\/et_pb_text][\/et_pb_column][et_pb_column type=&#8220;1_5&#8243; _builder_version=&#8220;4.9.7&#8243; _module_preset=&#8220;default&#8220;][\/et_pb_column][\/et_pb_row][\/et_pb_section]<\/p>\n","protected":false},"excerpt":{"rendered":"<p>[et_pb_section fb_built=&#8220;1&#8243; fullwidth=&#8220;on&#8220; admin_label=&#8220;Sektion&#8220; _builder_version=&#8220;3.22&#8243;][et_pb_fullwidth_slider admin_label=&#8220;Vollbreiter Slider&#8220; _builder_version=&#8220;4.9.7&#8243; header_text_color=&#8220;#E09900&#8243; custom_padding=&#8220;200||200|&#8220; custom_padding_tablet=&#8220;|||&#8220; custom_padding_phone=&#8220;|||&#8220; box_shadow_style=&#8220;preset6&#8243; box_shadow_blur=&#8220;10px&#8220; box_shadow_color=&#8220;rgba(0,0,0,0.1)&#8220; top_padding=&#8220;200&#8243; bottom_padding=&#8220;200&#8243; remove_inner_shadow=&#8220;off&#8220; hide_content_on_mobile=&#8220;off&#8220; hide_cta_on_mobile=&#8220;off&#8220; show_inner_shadow=&#8220;on&#8220; button_letter_spacing_hover=&#8220;0&#8243; button_text_size__hover_enabled=&#8220;off&#8220; button_one_text_size__hover_enabled=&#8220;off&#8220; button_two_text_size__hover_enabled=&#8220;off&#8220; button_text_color__hover_enabled=&#8220;off&#8220; button_one_text_color__hover_enabled=&#8220;off&#8220; button_two_text_color__hover_enabled=&#8220;off&#8220; button_border_width__hover_enabled=&#8220;off&#8220; button_one_border_width__hover_enabled=&#8220;off&#8220; button_two_border_width__hover_enabled=&#8220;off&#8220; button_border_color__hover_enabled=&#8220;off&#8220; button_one_border_color__hover_enabled=&#8220;off&#8220; button_two_border_color__hover_enabled=&#8220;off&#8220; button_border_radius__hover_enabled=&#8220;off&#8220; button_one_border_radius__hover_enabled=&#8220;off&#8220; button_two_border_radius__hover_enabled=&#8220;off&#8220; button_letter_spacing__hover_enabled=&#8220;on&#8220; button_letter_spacing__hover=&#8220;0&#8243; button_one_letter_spacing__hover_enabled=&#8220;off&#8220; button_two_letter_spacing__hover_enabled=&#8220;off&#8220; button_bg_color__hover_enabled=&#8220;off&#8220; button_one_bg_color__hover_enabled=&#8220;off&#8220; button_two_bg_color__hover_enabled=&#8220;off&#8220;][et_pb_slide heading=&#8220;Phosphatieren&#8220; _builder_version=&#8220;4.9.7&#8243; background_color=&#8220;#ffffff&#8220; background_image=&#8220;https:\/\/brueniererei-lietz-gmbh.de\/wordpress\/wp-content\/uploads\/2021\/08\/milling-444493-scaled.jpg&#8220; background_enable_image=&#8220;on&#8220; button_icon_placement=&#8220;right&#8220; button_on_hover=&#8220;on&#8220; button_text_size__hover_enabled=&#8220;off&#8220; button_one_text_size__hover_enabled=&#8220;off&#8220; button_two_text_size__hover_enabled=&#8220;off&#8220; button_text_color__hover_enabled=&#8220;off&#8220; [&hellip;]<\/p>\n","protected":false},"author":1,"featured_media":0,"parent":0,"menu_order":0,"comment_status":"closed","ping_status":"closed","template":"","meta":{"_et_pb_use_builder":"on","_et_pb_old_content":"","_et_gb_content_width":"","footnotes":""},"class_list":["post-790","page","type-page","status-publish","hentry"],"_links":{"self":[{"href":"https:\/\/brueniererei-lietz-gmbh.de\/wordpress\/wp-json\/wp\/v2\/pages\/790","targetHints":{"allow":["GET"]}}],"collection":[{"href":"https:\/\/brueniererei-lietz-gmbh.de\/wordpress\/wp-json\/wp\/v2\/pages"}],"about":[{"href":"https:\/\/brueniererei-lietz-gmbh.de\/wordpress\/wp-json\/wp\/v2\/types\/page"}],"author":[{"embeddable":true,"href":"https:\/\/brueniererei-lietz-gmbh.de\/wordpress\/wp-json\/wp\/v2\/users\/1"}],"replies":[{"embeddable":true,"href":"https:\/\/brueniererei-lietz-gmbh.de\/wordpress\/wp-json\/wp\/v2\/comments?post=790"}],"version-history":[{"count":0,"href":"https:\/\/brueniererei-lietz-gmbh.de\/wordpress\/wp-json\/wp\/v2\/pages\/790\/revisions"}],"wp:attachment":[{"href":"https:\/\/brueniererei-lietz-gmbh.de\/wordpress\/wp-json\/wp\/v2\/media?parent=790"}],"curies":[{"name":"wp","href":"https:\/\/api.w.org\/{rel}","templated":true}]}}